{"id":23226,"date":"2025-12-07T10:45:08","date_gmt":"2025-12-07T09:45:08","guid":{"rendered":"https:\/\/www.gurit.com\/conditions-generales-dutilisation\/"},"modified":"2026-04-26T15:55:37","modified_gmt":"2026-04-26T13:55:37","slug":"conditions-generales-dutilisation","status":"publish","type":"page","link":"https:\/\/www.gurit.com\/fr\/conditions-generales-dutilisation\/","title":{"rendered":"Conditions g\u00e9n\u00e9rales d&rsquo;utilisation"},"content":{"rendered":"<p>[et_pb_section fb_built=\u00a0\u00bb1&Prime; admin_label=\u00a0\u00bbSection\u00a0\u00bb _builder_version=\u00a0\u00bb4.27.4&Prime; _module_preset=\u00a0\u00bbdefault\u00a0\u00bb background_image=\u00a0\u00bbhttps:\/\/www.gurit.com\/wp-content\/uploads\/2025\/08\/bg-footer.png\u00a0\u00bb background_position=\u00a0\u00bbbottom_center\u00a0\u00bb background_vertical_offset=\u00a0\u00bb69%\u00a0\u00bb height=\u00a0\u00bb650px\u00a0\u00bb hover_enabled=\u00a0\u00bb0&Prime; da_disable_devices=\u00a0\u00bboff|off|off\u00a0\u00bb global_colors_info=\u00a0\u00bb{}\u00a0\u00bb locked=\u00a0\u00bboff\u00a0\u00bb theme_builder_area=\u00a0\u00bbpost_content\u00a0\u00bb sticky_enabled=\u00a0\u00bb0&Prime; title_text=\u00a0\u00bbbg-footer\u00a0\u00bb da_is_popup=\u00a0\u00bboff\u00a0\u00bb da_exit_intent=\u00a0\u00bboff\u00a0\u00bb da_has_close=\u00a0\u00bbon\u00a0\u00bb da_alt_close=\u00a0\u00bboff\u00a0\u00bb da_dark_close=\u00a0\u00bboff\u00a0\u00bb da_not_modal=\u00a0\u00bbon\u00a0\u00bb da_is_singular=\u00a0\u00bboff\u00a0\u00bb da_with_loader=\u00a0\u00bboff\u00a0\u00bb da_has_shadow=\u00a0\u00bbon\u00a0\u00bb][et_pb_row _builder_version=\u00a0\u00bb4.27.4&Prime; _module_preset=\u00a0\u00bbdefault\u00a0\u00bb global_colors_info=\u00a0\u00bb{}\u00a0\u00bb theme_builder_area=\u00a0\u00bbpost_content\u00a0\u00bb][et_pb_column type=\u00a0\u00bb4_4&Prime; _builder_version=\u00a0\u00bb4.27.4&Prime; _module_preset=\u00a0\u00bbdefault\u00a0\u00bb global_colors_info=\u00a0\u00bb{}\u00a0\u00bb theme_builder_area=\u00a0\u00bbpost_content\u00a0\u00bb][et_pb_text _builder_version=\u00a0\u00bb4.27.4&Prime; _module_preset=\u00a0\u00bbdefault\u00a0\u00bb header_font=\u00a0\u00bb||||||||\u00a0\u00bb header_text_color=\u00a0\u00bb#FFFFFF\u00a0\u00bb header_font_size=\u00a0\u00bb5vw\u00a0\u00bb animation_style=\u00a0\u00bbslide\u00a0\u00bb animation_direction=\u00a0\u00bbleft\u00a0\u00bb animation_starting_opacity=\u00a0\u00bb15%\u00a0\u00bb hover_enabled=\u00a0\u00bb0&Prime; global_colors_info=\u00a0\u00bb{}\u00a0\u00bb theme_builder_area=\u00a0\u00bbpost_content\u00a0\u00bb sticky_enabled=\u00a0\u00bb0&Prime;]<\/p>\n<h1>Conditions g\u00e9n\u00e9rales et <br \/>Conditions<\/h1>\n<p>[\/et_pb_text][et_pb_divider color=\u00a0\u00bb#44A12B\u00a0\u00bb divider_weight=\u00a0\u00bb5px\u00a0\u00bb _builder_version=\u00a0\u00bb4.27.4&Prime; _module_preset=\u00a0\u00bbdefault\u00a0\u00bb width=\u00a0\u00bb100px\u00a0\u00bb global_colors_info=\u00a0\u00bb{}\u00a0\u00bb theme_builder_area=\u00a0\u00bbpost_content\u00a0\u00bb][\/et_pb_divider][et_pb_button button_url=\u00a0\u00bb\/contact\u00a0\u00bb button_text=\u00a0\u00bbContactez nous\u00a0\u00bb _builder_version=\u00a0\u00bb4.27.4&Prime; _module_preset=\u00a0\u00bbdefault\u00a0\u00bb custom_button=\u00a0\u00bbon\u00a0\u00bb button_bg_color=\u00a0\u00bb#44A12B\u00a0\u00bb button_border_width=\u00a0\u00bb0px\u00a0\u00bb button_border_color=\u00a0\u00bb#142E73&Prime; button_on_hover=\u00a0\u00bboff\u00a0\u00bb global_colors_info=\u00a0\u00bb{}\u00a0\u00bb button_border_width__hover_enabled=\u00a0\u00bbon|desktop\u00a0\u00bb button_border_radius__hover_enabled=\u00a0\u00bbon|hover\u00a0\u00bb button_bg_color__hover_enabled=\u00a0\u00bbon|hover\u00a0\u00bb button_bg_color__hover=\u00a0\u00bb#142E73&Prime; button_bg_enable_color__hover=\u00a0\u00bbon\u00a0\u00bb button_border_width__hover=\u00a0\u00bb0px\u00a0\u00bb theme_builder_area=\u00a0\u00bbpost_content\u00a0\u00bb][\/et_pb_button][\/et_pb_column][\/et_pb_row][\/et_pb_section][et_pb_section fb_built=\u00a0\u00bb1&Prime; theme_builder_area=\u00a0\u00bbpost_content\u00a0\u00bb _builder_version=\u00a0\u00bb4.27.4&Prime; _module_preset=\u00a0\u00bbdefault\u00a0\u00bb hover_enabled=\u00a0\u00bb0&Prime; sticky_enabled=\u00a0\u00bb0&Prime; custom_padding=\u00a0\u00bb||||false|false\u00a0\u00bb da_is_popup=\u00a0\u00bboff\u00a0\u00bb da_exit_intent=\u00a0\u00bboff\u00a0\u00bb da_has_close=\u00a0\u00bbon\u00a0\u00bb da_alt_close=\u00a0\u00bboff\u00a0\u00bb da_dark_close=\u00a0\u00bboff\u00a0\u00bb da_not_modal=\u00a0\u00bbon\u00a0\u00bb da_is_singular=\u00a0\u00bboff\u00a0\u00bb da_with_loader=\u00a0\u00bboff\u00a0\u00bb da_has_shadow=\u00a0\u00bbon\u00a0\u00bb da_disable_devices=\u00a0\u00bboff|off|off\u00a0\u00bb][et_pb_row _builder_version=\u00a0\u00bb4.27.4&Prime; _module_preset=\u00a0\u00bbdefault\u00a0\u00bb theme_builder_area=\u00a0\u00bbpost_content\u00a0\u00bb column_structure=\u00a0\u00bb1_2,1_2&Prime; custom_margin=\u00a0\u00bb||||false|false\u00a0\u00bb hover_enabled=\u00a0\u00bb0&Prime; sticky_enabled=\u00a0\u00bb0&Prime;][et_pb_column _builder_version=\u00a0\u00bb4.27.4&Prime; _module_preset=\u00a0\u00bbdefault\u00a0\u00bb type=\u00a0\u00bb1_2&Prime; theme_builder_area=\u00a0\u00bbpost_content\u00a0\u00bb][et_pb_text _builder_version=\u00a0\u00bb4.27.4&Prime; _module_preset=\u00a0\u00bbdefault\u00a0\u00bb theme_builder_area=\u00a0\u00bbpost_content\u00a0\u00bb hover_enabled=\u00a0\u00bb0&Prime; sticky_enabled=\u00a0\u00bb0&Prime;]<\/p>\n<h4>Conditions g\u00e9n\u00e9rales de vente de Gurit<\/h4>\n<p>Les conditions g\u00e9n\u00e9rales de vente de Gurit peuvent \u00eatre t\u00e9l\u00e9charg\u00e9es au format PDF ci-dessous.<\/p>\n<p><a href=\"\/wp-content\/uploads\/2025\/12\/210601-Terms-and-Conditions-of-Sale-Australia.pdf\" target=\"_blank\" rel=\"noopener\" class=\"downloadicon\">Australie<\/a><\/p>\n<p><a href=\"\/wp-content\/uploads\/2025\/12\/210601-Terms-and-Conditions-of-Sale-Canada.pdf\" target=\"_blank\" rel=\"noopener\" class=\"downloadicon\">Canada (en fran\u00e7ais)<\/a><\/p>\n<p><a href=\"\/wp-content\/uploads\/2025\/12\/210601-Terms-and-Conditions-of-Sale-Canada_EN.pdf\" target=\"_blank\" rel=\"noopener\" class=\"downloadicon\">Canada (en anglais)<\/a><\/p>\n<p><a href=\"\/wp-content\/uploads\/2025\/12\/210601-Terms-and-Conditions-of-Sale-China.pdf\" target=\"_blank\" rel=\"noopener\" class=\"downloadicon\">Chine (en chinois)<\/a><\/p>\n<p><a href=\"\/wp-content\/uploads\/2025\/12\/210601-Terms-and-Conditions-of-Sale-China_EN.pdf\" target=\"_blank\" rel=\"noopener\" class=\"downloadicon\">Chine (en anglais)<\/a><\/p>\n<p><a href=\"\/wp-content\/uploads\/2025\/12\/210601-Terms-and-Conditions-of-Sale-Denmark.pdf\" target=\"_blank\" rel=\"noopener\" class=\"downloadicon\">Danemark<\/a><\/p>\n<p><a href=\"\/wp-content\/uploads\/2025\/12\/210601-Terms-and-Conditions-of-Sale-Germany.pdf\" target=\"_blank\" rel=\"noopener\" class=\"downloadicon\">Allemagne<\/a><\/p>\n<p><a href=\"\/wp-content\/uploads\/2025\/12\/210601-Terms-and-Conditions-of-Sale-India.pdf\" target=\"_blank\" rel=\"noopener\" class=\"downloadicon\">Inde<\/a><\/p>\n<p><a href=\"\/wp-content\/uploads\/2025\/12\/210601-Terms-and-Conditions-of-Sale-Italy.pdf\" target=\"_blank\" rel=\"noopener\" class=\"downloadicon\">Italie<\/a><\/p>\n<p><a href=\"\/wp-content\/uploads\/2025\/12\/210601-Terms-and-Conditions-of-Sale-New-Zealand.pdf\" target=\"_blank\" rel=\"noopener\" class=\"downloadicon\">Nouvelle-Z\u00e9lande<\/a><\/p>\n<p><a href=\"\/wp-content\/uploads\/2025\/12\/210601-Terms-and-Conditions-of-Sale-Poland.pdf\" target=\"_blank\" rel=\"noopener\" class=\"downloadicon\">Pologne<\/a><\/p>\n<p><a href=\"\/wp-content\/uploads\/2025\/12\/210601-Terms-and-Conditions-of-Sale-Spain.pdf\" target=\"_blank\" rel=\"noopener\" class=\"downloadicon\">Espagne<\/a><\/p>\n<p><a href=\"\/wp-content\/uploads\/2025\/12\/210601-Terms-and-Conditions-of-Sale-Switzerland.pdf\" target=\"_blank\" rel=\"noopener\" class=\"downloadicon\">Suisse<\/a><\/p>\n<p><a href=\"\/wp-content\/uploads\/2025\/12\/210601-Terms-and-Conditions-of-Sale-UK.pdf\" target=\"_blank\" rel=\"noopener\" class=\"downloadicon\">ROYAUME-UNI<\/a><\/p>\n<p><a href=\"\/wp-content\/uploads\/2025\/12\/210601-Terms-and-Conditions-of-Sale-USA.pdf\" target=\"_blank\" rel=\"noopener\" class=\"downloadicon\">\u00c9TATS-UNIS<\/a><\/p>\n<p>[\/et_pb_text][\/et_pb_column][et_pb_column _builder_version=\u00a0\u00bb4.27.4&Prime; _module_preset=\u00a0\u00bbdefault\u00a0\u00bb type=\u00a0\u00bb1_2&Prime; theme_builder_area=\u00a0\u00bbpost_content\u00a0\u00bb][et_pb_text _builder_version=\u00a0\u00bb4.27.4&Prime; _module_preset=\u00a0\u00bbdefault\u00a0\u00bb theme_builder_area=\u00a0\u00bbpost_content\u00a0\u00bb hover_enabled=\u00a0\u00bb0&Prime; sticky_enabled=\u00a0\u00bb0&Prime;]<\/p>\n<h4>Conditions d&rsquo;achat de Gurit<\/h4>\n<p>Les conditions g\u00e9n\u00e9rales d&rsquo;achat de Gurit peuvent \u00eatre t\u00e9l\u00e9charg\u00e9es au format PDF ci-dessous.<\/p>\n<p><a href=\"\/wp-content\/uploads\/2025\/12\/Gurit-Australia-Purchase-TCs-rev-2023.pdf\" target=\"_blank\" rel=\"noopener\" class=\"downloadicon\">Australie<\/a><\/p>\n<p><a href=\"\/wp-content\/uploads\/2025\/12\/Gurit-Canada-Purchase-TCs-rev-2023.pdf\" target=\"_blank\" rel=\"noopener\" class=\"downloadicon\">Canada<\/a><a href=\"\/wp-content\/uploads\/2025\/12\/210601-Terms-and-Conditions-of-Sale-Canada_EN.pdf\" target=\"_blank\" rel=\"noopener\" class=\"downloadicon\"><\/a><\/p>\n<p><a href=\"\/wp-content\/uploads\/2025\/12\/Gurit-China-Purchase-TCs-rev-2023.pdf\" target=\"_blank\" rel=\"noopener\" class=\"downloadicon\">Chine<\/a><\/p>\n<p><a href=\"\/wp-content\/uploads\/2025\/12\/Gurit-India-Purchase-TCs-rev-2023.pdf\" target=\"_blank\" rel=\"noopener\" class=\"downloadicon\">Inde<\/a><\/p>\n<p><a href=\"\/wp-content\/uploads\/2025\/12\/Gurit-Italy-Purchase-TCs-rev-2023.pdf\" target=\"_blank\" rel=\"noopener\" class=\"downloadicon\">Italie<\/a><\/p>\n<p><a href=\"\/wp-content\/uploads\/2025\/12\/Gurit-Mexico-Purchase-TCs-rev-2023.pdf\" target=\"_blank\" rel=\"noopener\" class=\"downloadicon\">Mexique<\/a><\/p>\n<p><a href=\"\/wp-content\/uploads\/2025\/12\/Gurit-New-Zealand-Purchase-TCs-rev-2023.pdf\" target=\"_blank\" rel=\"noopener\" class=\"downloadicon\">Nouvelle-Z\u00e9lande<\/a><\/p>\n<p><a href=\"\/wp-content\/uploads\/2025\/12\/Gurit-Spain-Purchase-TCs-rev-2023.pdf\" target=\"_blank\" rel=\"noopener\" class=\"downloadicon\">Espagne<\/a><\/p>\n<p><a href=\"\/wp-content\/uploads\/2025\/12\/Gurit-UK-Purchase-TCs-rev-2023.pdf\" target=\"_blank\" rel=\"noopener\" class=\"downloadicon\">ROYAUME-UNI<\/a><\/p>\n<p><a href=\"\/wp-content\/uploads\/2025\/12\/Gurit-USA-Purchase-TCs-rev-2023.pdf\" target=\"_blank\" rel=\"noopener\" class=\"downloadicon\">\u00c9TATS-UNIS<\/a><\/p>\n<p>[\/et_pb_text][\/et_pb_column][\/et_pb_row][\/et_pb_section][et_pb_section fb_built=\u00a0\u00bb1&Prime; admin_label=\u00a0\u00bbSection\u00a0\u00bb _builder_version=\u00a0\u00bb4.27.4&Prime; _module_preset=\u00a0\u00bbdefault\u00a0\u00bb background_image=\u00a0\u00bbhttps:\/\/www.gurit.com\/wp-content\/uploads\/2025\/08\/bg-footer.png\u00a0\u00bb background_position=\u00a0\u00bbtop_left\u00a0\u00bb background_vertical_offset=\u00a0\u00bb0%\u00a0\u00bb da_disable_devices=\u00a0\u00bboff|off|off\u00a0\u00bb global_module=\u00a0\u00bb15433&Prime; saved_tabs=\u00a0\u00bball\u00a0\u00bb locked=\u00a0\u00bboff\u00a0\u00bb global_colors_info=\u00a0\u00bb{}\u00a0\u00bb theme_builder_area=\u00a0\u00bbpost_content\u00a0\u00bb da_is_popup=\u00a0\u00bboff\u00a0\u00bb da_exit_intent=\u00a0\u00bboff\u00a0\u00bb da_has_close=\u00a0\u00bbon\u00a0\u00bb da_alt_close=\u00a0\u00bboff\u00a0\u00bb da_dark_close=\u00a0\u00bboff\u00a0\u00bb da_not_modal=\u00a0\u00bbon\u00a0\u00bb da_is_singular=\u00a0\u00bboff\u00a0\u00bb da_with_loader=\u00a0\u00bboff\u00a0\u00bb da_has_shadow=\u00a0\u00bbon\u00a0\u00bb][et_pb_row column_structure=\u00a0\u00bb1_5,1_5,1_5,1_5,1_5&Prime; _builder_version=\u00a0\u00bb4.27.4&Prime; _module_preset=\u00a0\u00bbdefault\u00a0\u00bb global_colors_info=\u00a0\u00bb{}\u00a0\u00bb theme_builder_area=\u00a0\u00bbpost_content\u00a0\u00bb][et_pb_column type=\u00a0\u00bb1_5&Prime; _builder_version=\u00a0\u00bb4.27.4&Prime; _module_preset=\u00a0\u00bbdefault\u00a0\u00bb global_colors_info=\u00a0\u00bb{}\u00a0\u00bb theme_builder_area=\u00a0\u00bbpost_content\u00a0\u00bb][et_pb_image src=\u00a0\u00bbhttps:\/\/www.gurit.com\/wp-content\/uploads\/2025\/08\/gurit-logo-white.png\u00a0\u00bb alt=\u00a0\u00bbLogo Gurit blanc\u00a0\u00bb title_text=\u00a0\u00bbbg-footer\u00a0\u00bb _builder_version=\u00a0\u00bb4.27.4&Prime; _module_preset=\u00a0\u00bbdefault\u00a0\u00bb background_enable_image=\u00a0\u00bboff\u00a0\u00bb width=\u00a0\u00bb120px\u00a0\u00bb global_colors_info=\u00a0\u00bb{}\u00a0\u00bb theme_builder_area=\u00a0\u00bbpost_content\u00a0\u00bb][\/et_pb_image][et_pb_text _builder_version=\u00a0\u00bb4.27.4&Prime; _module_preset=\u00a0\u00bbdefault\u00a0\u00bb text_text_color=\u00a0\u00bb#FFFFFF\u00a0\u00bb global_colors_info=\u00a0\u00bb{}\u00a0\u00bb theme_builder_area=\u00a0\u00bbpost_content\u00a0\u00bb]<\/p>\n<p>Prenez contact avec nous pour en savoir plus sur Gurit et sur la fa\u00e7on dont nos solutions peuvent vous \u00eatre utiles.<\/p>\n<p>[\/et_pb_text][et_pb_button button_text=\u00a0\u00bbQuestions g\u00e9n\u00e9rales\u00a0\u00bb _builder_version=\u00a0\u00bb4.27.4&Prime; _module_preset=\u00a0\u00bbdefault\u00a0\u00bb custom_button=\u00a0\u00bbon\u00a0\u00bb button_bg_color=\u00a0\u00bb#44A12B\u00a0\u00bb button_border_color=\u00a0\u00bb#44A12B\u00a0\u00bb button_on_hover=\u00a0\u00bboff\u00a0\u00bb global_colors_info=\u00a0\u00bb{}\u00a0\u00bb button_border_color__hover_enabled=\u00a0\u00bbon|hover\u00a0\u00bb button_border_color__hover=\u00a0\u00bb#142E73&Prime; button_bg_color__hover_enabled=\u00a0\u00bbon|desktop\u00a0\u00bb button_bg_color__hover=\u00a0\u00bb#142E73&Prime; button_bg_enable_color__hover=\u00a0\u00bbon\u00a0\u00bb theme_builder_area=\u00a0\u00bbpost_content\u00a0\u00bb][\/et_pb_button][et_pb_text _builder_version=\u00a0\u00bb4.27.4&Prime; _module_preset=\u00a0\u00bbdefault\u00a0\u00bb text_text_color=\u00a0\u00bb#FFFFFF\u00a0\u00bb text_font_size=\u00a0\u00bb12px\u00a0\u00bb global_colors_info=\u00a0\u00bb{}\u00a0\u00bb theme_builder_area=\u00a0\u00bbpost_content\u00a0\u00bb]<\/p>\n<p>\u00a9 Gurit Services AG, Zurich (CH)<\/p>\n<p>[\/et_pb_text][\/et_pb_column][et_pb_column type=\u00a0\u00bb1_5&Prime; _builder_version=\u00a0\u00bb4.27.4&Prime; _module_preset=\u00a0\u00bbdefault\u00a0\u00bb global_colors_info=\u00a0\u00bb{}\u00a0\u00bb theme_builder_area=\u00a0\u00bbpost_content\u00a0\u00bb][et_pb_image src=\u00a0\u00bbhttps:\/\/www.gurit.com\/wp-content\/uploads\/2025\/08\/ecovadis-2025-gold.png\u00a0\u00bb alt=\u00a0\u00bbecovadis-2025-or\u00a0\u00bb title_text=\u00a0\u00bbecovadis-2025-or\u00a0\u00bb _builder_version=\u00a0\u00bb4.27.4&Prime; _module_preset=\u00a0\u00bbdefault\u00a0\u00bb width=\u00a0\u00bb80%\u00a0\u00bb custom_margin=\u00a0\u00bb80px||||false|false\u00a0\u00bb global_colors_info=\u00a0\u00bb{}\u00a0\u00bb theme_builder_area=\u00a0\u00bbpost_content\u00a0\u00bb][\/et_pb_image][\/et_pb_column][et_pb_column type=\u00a0\u00bb1_5&Prime; _builder_version=\u00a0\u00bb4.27.4&Prime; _module_preset=\u00a0\u00bbdefault\u00a0\u00bb global_colors_info=\u00a0\u00bb{}\u00a0\u00bb theme_builder_area=\u00a0\u00bbpost_content\u00a0\u00bb][et_pb_text _builder_version=\u00a0\u00bb4.27.4&Prime; _module_preset=\u00a0\u00bbdefault\u00a0\u00bb text_text_color=\u00a0\u00bb#008996&Prime; link_text_color=\u00a0\u00bb#FFFFFF\u00a0\u00bb header_4_text_color=\u00a0\u00bb#FFFFFF\u00a0\u00bb custom_margin=\u00a0\u00bb80px||||false|false\u00a0\u00bb global_colors_info=\u00a0\u00bb{}\u00a0\u00bb theme_builder_area=\u00a0\u00bbpost_content\u00a0\u00bb]<\/p>\n<h4>Rejoignez-nous<\/h4>\n<ul>\n<li><a href=\"https:\/\/www.gurit.com\/fr\/carriere\/\">Postes vacants<\/a><\/li>\n<\/ul>\n<p>[\/et_pb_text][\/et_pb_column][et_pb_column type=\u00a0\u00bb1_5&Prime; _builder_version=\u00a0\u00bb4.27.4&Prime; _module_preset=\u00a0\u00bbdefault\u00a0\u00bb global_colors_info=\u00a0\u00bb{}\u00a0\u00bb theme_builder_area=\u00a0\u00bbpost_content\u00a0\u00bb][et_pb_text _builder_version=\u00a0\u00bb4.27.4&Prime; _module_preset=\u00a0\u00bbdefault\u00a0\u00bb text_text_color=\u00a0\u00bb#008996&Prime; link_text_color=\u00a0\u00bb#FFFFFF\u00a0\u00bb header_4_text_color=\u00a0\u00bb#FFFFFF\u00a0\u00bb custom_margin=\u00a0\u00bb80px||||false|false\u00a0\u00bb hover_enabled=\u00a0\u00bb0&Prime; global_colors_info=\u00a0\u00bb{}\u00a0\u00bb sticky_enabled=\u00a0\u00bb0&Prime; theme_builder_area=\u00a0\u00bbpost_content\u00a0\u00bb]<\/p>\n<h4>Groupe Gurit<\/h4>\n<ul>\n<li><a href=\"https:\/\/www.gurit.com\/fr\/entreprise\/\">Entreprise<\/a><\/li>\n<li><a href=\"https:\/\/www.gurit.com\/fr\/relations-avec-les-investisseurs\/\">Relations avec les investisseurs<\/a><\/li>\n<li><a href=\"https:\/\/www.gurit.com\/fr\/durabilite\/\">Durabilit\u00e9<\/a><\/li>\n<\/ul>\n<p>[\/et_pb_text][\/et_pb_column][et_pb_column type=\u00a0\u00bb1_5&Prime; _builder_version=\u00a0\u00bb4.27.4&Prime; _module_preset=\u00a0\u00bbdefault\u00a0\u00bb global_colors_info=\u00a0\u00bb{}\u00a0\u00bb theme_builder_area=\u00a0\u00bbpost_content\u00a0\u00bb][et_pb_text _builder_version=\u00a0\u00bb4.27.4&Prime; _module_preset=\u00a0\u00bbdefault\u00a0\u00bb text_text_color=\u00a0\u00bb#008996&Prime; link_text_color=\u00a0\u00bb#FFFFFF\u00a0\u00bb header_4_text_color=\u00a0\u00bb#FFFFFF\u00a0\u00bb custom_margin=\u00a0\u00bb80px||||false|false\u00a0\u00bb global_colors_info=\u00a0\u00bb{}\u00a0\u00bb theme_builder_area=\u00a0\u00bbpost_content\u00a0\u00bb]<\/p>\n<h4>Actualit\u00e9s<\/h4>\n<ul>\n<li><a href=\"https:\/\/www.gurit.com\/fr\/news\/\">Consultez les derni\u00e8res nouvelles ici<\/a><\/li>\n<\/ul>\n<p>[\/et_pb_text][\/et_pb_column][\/et_pb_row][\/et_pb_section]<\/p>\n","protected":false},"excerpt":{"rendered":"<p>Conditions g\u00e9n\u00e9rales et ConditionsConditions g\u00e9n\u00e9rales de vente de Gurit Les conditions g\u00e9n\u00e9rales de vente de Gurit peuvent \u00eatre t\u00e9l\u00e9charg\u00e9es au format PDF ci-dessous. Australie Canada (en fran\u00e7ais) Canada (en anglais) [&hellip;]<\/p>\n","protected":false},"author":1,"featured_media":0,"parent":0,"menu_order":0,"comment_status":"closed","ping_status":"closed","template":"","meta":{"_et_pb_use_builder":"on","_et_pb_old_content":"","_et_gb_content_width":"","footnotes":""},"class_list":["post-23226","page","type-page","status-publish","hentry"],"yoast_head":"<!-- This site is optimized with the Yoast SEO plugin v27.5 - https:\/\/yoast.com\/product\/yoast-seo-wordpress\/ -->\n<title>Conditions g\u00e9n\u00e9rales d&#039;utilisation - Gurit.<\/title>\n<meta name=\"robots\" content=\"index, follow, max-snippet:-1, max-image-preview:large, max-video-preview:-1\" \/>\n<link rel=\"canonical\" href=\"https:\/\/www.gurit.com\/fr\/conditions-generales-dutilisation\/\" \/>\n<meta property=\"og:locale\" content=\"fr_FR\" \/>\n<meta property=\"og:type\" content=\"article\" \/>\n<meta property=\"og:title\" content=\"Conditions g\u00e9n\u00e9rales d&#039;utilisation - Gurit.\" \/>\n<meta property=\"og:description\" content=\"Conditions g\u00e9n\u00e9rales et ConditionsConditions g\u00e9n\u00e9rales de vente de Gurit Les conditions g\u00e9n\u00e9rales de vente de Gurit peuvent \u00eatre t\u00e9l\u00e9charg\u00e9es au format PDF ci-dessous. Australie Canada (en fran\u00e7ais) Canada (en anglais) [&hellip;]\" \/>\n<meta property=\"og:url\" content=\"https:\/\/www.gurit.com\/fr\/conditions-generales-dutilisation\/\" \/>\n<meta property=\"og:site_name\" content=\"Gurit\" \/>\n<meta property=\"article:publisher\" content=\"https:\/\/www.facebook.com\/GuritGroup\" \/>\n<meta property=\"article:modified_time\" content=\"2026-04-26T13:55:37+00:00\" \/>\n<meta name=\"twitter:card\" content=\"summary_large_image\" \/>\n<meta name=\"twitter:site\" content=\"@guritgroup\" \/>\n<meta name=\"twitter:label1\" content=\"Dur\u00e9e de lecture estim\u00e9e\" \/>\n\t<meta name=\"twitter:data1\" content=\"6 minutes\" \/>\n<script type=\"application\/ld+json\" class=\"yoast-schema-graph\">{\"@context\":\"https:\\\/\\\/schema.org\",\"@graph\":[{\"@type\":\"WebPage\",\"@id\":\"https:\\\/\\\/www.gurit.com\\\/fr\\\/conditions-generales-dutilisation\\\/\",\"url\":\"https:\\\/\\\/www.gurit.com\\\/fr\\\/conditions-generales-dutilisation\\\/\",\"name\":\"Conditions g\u00e9n\u00e9rales d'utilisation - Gurit.\",\"isPartOf\":{\"@id\":\"https:\\\/\\\/www.gurit.com\\\/fr\\\/#website\"},\"datePublished\":\"2025-12-07T09:45:08+00:00\",\"dateModified\":\"2026-04-26T13:55:37+00:00\",\"breadcrumb\":{\"@id\":\"https:\\\/\\\/www.gurit.com\\\/fr\\\/conditions-generales-dutilisation\\\/#breadcrumb\"},\"inLanguage\":\"fr-FR\",\"potentialAction\":[{\"@type\":\"ReadAction\",\"target\":[\"https:\\\/\\\/www.gurit.com\\\/fr\\\/conditions-generales-dutilisation\\\/\"]}]},{\"@type\":\"BreadcrumbList\",\"@id\":\"https:\\\/\\\/www.gurit.com\\\/fr\\\/conditions-generales-dutilisation\\\/#breadcrumb\",\"itemListElement\":[{\"@type\":\"ListItem\",\"position\":1,\"name\":\"Startseite\",\"item\":\"https:\\\/\\\/www.gurit.com\\\/fr\\\/marches\\\/\"},{\"@type\":\"ListItem\",\"position\":2,\"name\":\"Conditions g\u00e9n\u00e9rales d&rsquo;utilisation\"}]},{\"@type\":\"WebSite\",\"@id\":\"https:\\\/\\\/www.gurit.com\\\/fr\\\/#website\",\"url\":\"https:\\\/\\\/www.gurit.com\\\/fr\\\/\",\"name\":\"Gurit\",\"description\":\"Composites avanc\u00e9s pour l'\u00e9nergie \u00e9olienne, la marine, la construction et d'autres industries\",\"publisher\":{\"@id\":\"https:\\\/\\\/www.gurit.com\\\/fr\\\/#organization\"},\"potentialAction\":[{\"@type\":\"SearchAction\",\"target\":{\"@type\":\"EntryPoint\",\"urlTemplate\":\"https:\\\/\\\/www.gurit.com\\\/fr\\\/?s={search_term_string}\"},\"query-input\":{\"@type\":\"PropertyValueSpecification\",\"valueRequired\":true,\"valueName\":\"search_term_string\"}}],\"inLanguage\":\"fr-FR\"},{\"@type\":\"Organization\",\"@id\":\"https:\\\/\\\/www.gurit.com\\\/fr\\\/#organization\",\"name\":\"Gurit\",\"url\":\"https:\\\/\\\/www.gurit.com\\\/fr\\\/\",\"logo\":{\"@type\":\"ImageObject\",\"inLanguage\":\"fr-FR\",\"@id\":\"https:\\\/\\\/www.gurit.com\\\/fr\\\/#\\\/schema\\\/logo\\\/image\\\/\",\"url\":\"https:\\\/\\\/www.gurit.com\\\/wp-content\\\/uploads\\\/2021\\\/12\\\/gurit-logo.png\",\"contentUrl\":\"https:\\\/\\\/www.gurit.com\\\/wp-content\\\/uploads\\\/2021\\\/12\\\/gurit-logo.png\",\"width\":262,\"height\":100,\"caption\":\"Gurit\"},\"image\":{\"@id\":\"https:\\\/\\\/www.gurit.com\\\/fr\\\/#\\\/schema\\\/logo\\\/image\\\/\"},\"sameAs\":[\"https:\\\/\\\/www.facebook.com\\\/GuritGroup\",\"https:\\\/\\\/x.com\\\/guritgroup\",\"https:\\\/\\\/www.linkedin.com\\\/company\\\/gurit\\\/\"]}]}<\/script>\n<!-- \/ Yoast SEO plugin. -->","yoast_head_json":{"title":"Conditions g\u00e9n\u00e9rales d'utilisation - Gurit.","robots":{"index":"index","follow":"follow","max-snippet":"max-snippet:-1","max-image-preview":"max-image-preview:large","max-video-preview":"max-video-preview:-1"},"canonical":"https:\/\/www.gurit.com\/fr\/conditions-generales-dutilisation\/","og_locale":"fr_FR","og_type":"article","og_title":"Conditions g\u00e9n\u00e9rales d'utilisation - Gurit.","og_description":"Conditions g\u00e9n\u00e9rales et ConditionsConditions g\u00e9n\u00e9rales de vente de Gurit Les conditions g\u00e9n\u00e9rales de vente de Gurit peuvent \u00eatre t\u00e9l\u00e9charg\u00e9es au format PDF ci-dessous. Australie Canada (en fran\u00e7ais) Canada (en anglais) [&hellip;]","og_url":"https:\/\/www.gurit.com\/fr\/conditions-generales-dutilisation\/","og_site_name":"Gurit","article_publisher":"https:\/\/www.facebook.com\/GuritGroup","article_modified_time":"2026-04-26T13:55:37+00:00","twitter_card":"summary_large_image","twitter_site":"@guritgroup","twitter_misc":{"Dur\u00e9e de lecture estim\u00e9e":"6 minutes"},"schema":{"@context":"https:\/\/schema.org","@graph":[{"@type":"WebPage","@id":"https:\/\/www.gurit.com\/fr\/conditions-generales-dutilisation\/","url":"https:\/\/www.gurit.com\/fr\/conditions-generales-dutilisation\/","name":"Conditions g\u00e9n\u00e9rales d'utilisation - Gurit.","isPartOf":{"@id":"https:\/\/www.gurit.com\/fr\/#website"},"datePublished":"2025-12-07T09:45:08+00:00","dateModified":"2026-04-26T13:55:37+00:00","breadcrumb":{"@id":"https:\/\/www.gurit.com\/fr\/conditions-generales-dutilisation\/#breadcrumb"},"inLanguage":"fr-FR","potentialAction":[{"@type":"ReadAction","target":["https:\/\/www.gurit.com\/fr\/conditions-generales-dutilisation\/"]}]},{"@type":"BreadcrumbList","@id":"https:\/\/www.gurit.com\/fr\/conditions-generales-dutilisation\/#breadcrumb","itemListElement":[{"@type":"ListItem","position":1,"name":"Startseite","item":"https:\/\/www.gurit.com\/fr\/marches\/"},{"@type":"ListItem","position":2,"name":"Conditions g\u00e9n\u00e9rales d&rsquo;utilisation"}]},{"@type":"WebSite","@id":"https:\/\/www.gurit.com\/fr\/#website","url":"https:\/\/www.gurit.com\/fr\/","name":"Gurit","description":"Composites avanc\u00e9s pour l'\u00e9nergie \u00e9olienne, la marine, la construction et d'autres industries","publisher":{"@id":"https:\/\/www.gurit.com\/fr\/#organization"},"potentialAction":[{"@type":"SearchAction","target":{"@type":"EntryPoint","urlTemplate":"https:\/\/www.gurit.com\/fr\/?s={search_term_string}"},"query-input":{"@type":"PropertyValueSpecification","valueRequired":true,"valueName":"search_term_string"}}],"inLanguage":"fr-FR"},{"@type":"Organization","@id":"https:\/\/www.gurit.com\/fr\/#organization","name":"Gurit","url":"https:\/\/www.gurit.com\/fr\/","logo":{"@type":"ImageObject","inLanguage":"fr-FR","@id":"https:\/\/www.gurit.com\/fr\/#\/schema\/logo\/image\/","url":"https:\/\/www.gurit.com\/wp-content\/uploads\/2021\/12\/gurit-logo.png","contentUrl":"https:\/\/www.gurit.com\/wp-content\/uploads\/2021\/12\/gurit-logo.png","width":262,"height":100,"caption":"Gurit"},"image":{"@id":"https:\/\/www.gurit.com\/fr\/#\/schema\/logo\/image\/"},"sameAs":["https:\/\/www.facebook.com\/GuritGroup","https:\/\/x.com\/guritgroup","https:\/\/www.linkedin.com\/company\/gurit\/"]}]}},"_links":{"self":[{"href":"https:\/\/www.gurit.com\/fr\/wp-json\/wp\/v2\/pages\/23226","targetHints":{"allow":["GET"]}}],"collection":[{"href":"https:\/\/www.gurit.com\/fr\/wp-json\/wp\/v2\/pages"}],"about":[{"href":"https:\/\/www.gurit.com\/fr\/wp-json\/wp\/v2\/types\/page"}],"author":[{"embeddable":true,"href":"https:\/\/www.gurit.com\/fr\/wp-json\/wp\/v2\/users\/1"}],"replies":[{"embeddable":true,"href":"https:\/\/www.gurit.com\/fr\/wp-json\/wp\/v2\/comments?post=23226"}],"version-history":[{"count":1,"href":"https:\/\/www.gurit.com\/fr\/wp-json\/wp\/v2\/pages\/23226\/revisions"}],"predecessor-version":[{"id":23230,"href":"https:\/\/www.gurit.com\/fr\/wp-json\/wp\/v2\/pages\/23226\/revisions\/23230"}],"wp:attachment":[{"href":"https:\/\/www.gurit.com\/fr\/wp-json\/wp\/v2\/media?parent=23226"}],"curies":[{"name":"wp","href":"https:\/\/api.w.org\/{rel}","templated":true}]}}