{"id":23229,"date":"2025-12-09T19:46:23","date_gmt":"2025-12-09T18:46:23","guid":{"rendered":"https:\/\/www.gurit.com\/clause-de-non-responsabilite\/"},"modified":"2026-04-26T15:55:34","modified_gmt":"2026-04-26T13:55:34","slug":"clause-de-non-responsabilite","status":"publish","type":"page","link":"https:\/\/www.gurit.com\/fr\/clause-de-non-responsabilite\/","title":{"rendered":"Clause de non-responsabilit\u00e9"},"content":{"rendered":"<p>[et_pb_section fb_built=\u00a0\u00bb1&Prime; theme_builder_area=\u00a0\u00bbpost_content\u00a0\u00bb _builder_version=\u00a0\u00bb4.27.5&Prime; _module_preset=\u00a0\u00bbdefault\u00a0\u00bb da_is_popup=\u00a0\u00bboff\u00a0\u00bb da_exit_intent=\u00a0\u00bboff\u00a0\u00bb da_has_close=\u00a0\u00bbon\u00a0\u00bb da_alt_close=\u00a0\u00bboff\u00a0\u00bb da_dark_close=\u00a0\u00bboff\u00a0\u00bb da_not_modal=\u00a0\u00bbon\u00a0\u00bb da_is_singular=\u00a0\u00bboff\u00a0\u00bb da_with_loader=\u00a0\u00bboff\u00a0\u00bb da_has_shadow=\u00a0\u00bbon\u00a0\u00bb da_disable_devices=\u00a0\u00bboff|off|off\u00a0\u00bb][et_pb_row _builder_version=\u00a0\u00bb4.27.5&Prime; _module_preset=\u00a0\u00bbdefault\u00a0\u00bb theme_builder_area=\u00a0\u00bbpost_content\u00a0\u00bb][et_pb_column _builder_version=\u00a0\u00bb4.27.5&Prime; _module_preset=\u00a0\u00bbdefault\u00a0\u00bb type=\u00a0\u00bb4_4&Prime; theme_builder_area=\u00a0\u00bbpost_content\u00a0\u00bb][et_pb_text _builder_version=\u00a0\u00bb4.27.5&Prime; _module_preset=\u00a0\u00bbdefault\u00a0\u00bb theme_builder_area=\u00a0\u00bbpost_content\u00a0\u00bb hover_enabled=\u00a0\u00bb0&Prime; sticky_enabled=\u00a0\u00bb0&Prime;]<\/p>\n<h1>Clause de non-responsabilit\u00e9<\/h1>\n<p>[\/et_pb_text][\/et_pb_column][\/et_pb_row][et_pb_row _builder_version=\u00a0\u00bb4.27.5&Prime; _module_preset=\u00a0\u00bbdefault\u00a0\u00bb theme_builder_area=\u00a0\u00bbpost_content\u00a0\u00bb][et_pb_column _builder_version=\u00a0\u00bb4.27.5&Prime; _module_preset=\u00a0\u00bbdefault\u00a0\u00bb type=\u00a0\u00bb4_4&Prime; theme_builder_area=\u00a0\u00bbpost_content\u00a0\u00bb][et_pb_text _builder_version=\u00a0\u00bb4.27.5&Prime; _module_preset=\u00a0\u00bbdefault\u00a0\u00bb theme_builder_area=\u00a0\u00bbpost_content\u00a0\u00bb hover_enabled=\u00a0\u00bb0&Prime; sticky_enabled=\u00a0\u00bb0&Prime;]<\/p>\n<h2>CONDITIONS<\/h2>\n<p>Les conditions suivantes s&rsquo;appliquent \u00e0 l&rsquo;utilisation de ce site web <a href=\"http:\/\/www.gurit.com\/fr\/\">www.gurit.com.<\/a> En acc\u00e9dant \u00e0 ce site ou en utilisant les informations qu&rsquo;il contient, l&rsquo;utilisateur accepte automatiquement les conditions. Les pr\u00e9sentes conditions, y compris notre politique de confidentialit\u00e9 expos\u00e9e ci-dessous, (l'\u00a0\u00bbaccord d&rsquo;utilisation\u00a0\u00bb) r\u00e9gissent la relation avec vous en ce qui concerne le pr\u00e9sent site web et remplacent tout accord ou arrangement ant\u00e9rieur avec vous en ce qui concerne le pr\u00e9sent site web. Les termes \u00ab\u00a0nous\u00a0\u00bb ou \u00ab\u00a0nous\u00a0\u00bb d\u00e9signent Gurit (UK) Ltd, le propri\u00e9taire du site web. Si le nom d&rsquo;une soci\u00e9t\u00e9 est indiqu\u00e9 dans votre demande d&rsquo;inscription \u00e0 notre bulletin d&rsquo;information, l&rsquo;accord d&rsquo;utilisation sera conclu entre nous et cette soci\u00e9t\u00e9 et, par cons\u00e9quent, sauf indication contraire du contexte, les r\u00e9f\u00e9rences \u00e0 \u00a0\u00bb vous \u00a0\u00bb et \u00a0\u00bb votre \u00a0\u00bb dans le pr\u00e9sent accord d&rsquo;utilisation s&rsquo;appliqueront \u00e9galement \u00e0 cette soci\u00e9t\u00e9.    <\/p>\n<h2>Clause de non-responsabilit\u00e9<\/h2>\n<p>Les informations contenues dans ce site web ne sont donn\u00e9es qu&rsquo;\u00e0 titre d&rsquo;information g\u00e9n\u00e9rale. Les informations contenues dans ce site web ne constituent en aucun cas des conseils. Bien que nous nous efforcions de maintenir les informations \u00e0 jour et correctes, nous ne faisons aucune d\u00e9claration ni ne donnons aucune garantie, expresse ou implicite, quant \u00e0 l&rsquo;exhaustivit\u00e9, l&rsquo;exactitude, la fiabilit\u00e9, l&rsquo;ad\u00e9quation, la mise \u00e0 jour ou la disponibilit\u00e9 du site web ou des informations, produits, services ou graphiques connexes contenus sur le site web \u00e0 quelque fin que ce soit. Aucun droit ne peut \u00eatre d\u00e9riv\u00e9 des informations contenues dans ce site web. L&rsquo;utilisation de ce site web et la confiance que vous accordez aux informations qu&rsquo;il contient sont donc strictement \u00e0 vos risques et p\u00e9rils. Nous ne serons en aucun cas responsables des pertes ou dommages, y compris, mais sans s&rsquo;y limiter, des pertes ou dommages indirects ou cons\u00e9cutifs, ou de toute perte ou dommage, quel qu&rsquo;il soit, r\u00e9sultant de l&rsquo;utilisation de ce site web ou li\u00e9 \u00e0 l&rsquo;utilisation des informations pr\u00e9sent\u00e9es ou mises \u00e0 disposition par le biais de ce site web, ou de l&rsquo;indisponibilit\u00e9 de ce site web.<br \/>Nous nous efforcerons de garantir que <a href=\"http:\/\/www.gurit.com\/fr\/\">www.gurit.com<\/a><a href=\"http:\/\/www.gurit.com\/fr\/\"><\/a> est disponible 24 heures sur 24, sans aucune interruption. Toutefois, nous ne sommes pas responsables de l&rsquo;indisponibilit\u00e9 temporaire du site web et nous n&rsquo;assumons aucune responsabilit\u00e9 \u00e0 cet \u00e9gard. Nous nous r\u00e9servons le droit de rendre <a href=\"http:\/\/www.gurit.com\/fr\/\">www.gurit.com<\/a><a href=\"http:\/\/www.gurit.com\/fr\/\"><\/a> indisponible \u00e0 tout moment ou de restreindre l&rsquo;acc\u00e8s \u00e0 tout ou partie de <a href=\"http:\/\/www.gurit.com\/fr\/\">www.gurit.com<\/a><a href=\"http:\/\/www.gurit.com\/fr\/\"><\/a> sans pr\u00e9avis. <a href=\"http:\/\/www.gurit.com\/fr\/\">www.gurit.com<\/a> est un service d&rsquo;information g\u00e9n\u00e9rale.       <\/p>\n<h2>Liens<\/h2>\n<p>Le <a href=\"http:\/\/www.gurit.com\/fr\/\">site www.gurit.com<\/a> comporte des liens vers d&rsquo;autres sites Internet. Nous n&rsquo;avons aucun contr\u00f4le sur la nature, le contenu ou la disponibilit\u00e9 de ces sites. Sans limiter ce que nous disons ailleurs, nous ne faisons aucune d\u00e9claration ni ne donnons aucune garantie concernant ces sites ou leur contenu, ni ne garantissons que les liens fonctionneront. Nous n&rsquo;acceptons aucune responsabilit\u00e9 en ce qui concerne le contenu, l&rsquo;utilisation et la disponibilit\u00e9 de ces sites.   <\/p>\n<h2>Protection des donn\u00e9es<\/h2>\n<p>Il est de votre responsabilit\u00e9 de vous assurer que vous nous fournissez une adresse \u00e9lectronique et d&rsquo;autres coordonn\u00e9es exactes et valides et de nous informer de tout changement les concernant, mais nous ne pouvons donner aucune garantie concernant tout autre utilisateur que vous pourriez rencontrer en utilisant le site <a href=\"http:\/\/www.gurit.com\/fr\/\">www.gurit.com.<\/a> Nous ne pouvons donner aucune garantie quant \u00e0 la r\u00e9ception ou au traitement en temps utile des courriers \u00e9lectroniques ou autres messages \u00e9lectroniques qui nous sont envoy\u00e9s et nous ne sommes en aucun cas responsables des pertes ou dommages r\u00e9sultant de la non-r\u00e9ception ou du traitement en temps utile des courriers \u00e9lectroniques ou autres messages \u00e9lectroniques qui nous sont envoy\u00e9s. <\/p>\n<h2>Propri\u00e9t\u00e9 intellectuelle<\/h2>\n<p>Tous les droits de propri\u00e9t\u00e9 intellectuelle, y compris, mais sans s&rsquo;y limiter, les droits d&rsquo;auteur, les droits de marque et les droits de base de donn\u00e9es li\u00e9s au contenu de ce site web, tels que, mais sans s&rsquo;y limiter, les informations, les textes, la conception, les images, les mat\u00e9riaux, les logos ou les photographies et les illustrations sont notre propri\u00e9t\u00e9 et\/ou nous ont \u00e9t\u00e9 conc\u00e9d\u00e9s par le(s) propri\u00e9taire(s) de ces droits. La reproduction du contenu de ce site web \u00e0 des fins autres que votre information g\u00e9n\u00e9rale est interdite sans notre accord \u00e9crit pr\u00e9alable. En particulier, la reproduction et la publication du contenu de ce site web \u00e0 des fins commerciales sont interdites. L&rsquo;utilisation non autoris\u00e9e de ce site web peut donner lieu \u00e0 une demande de dommages-int\u00e9r\u00eats et\/ou \u00e0 une infraction p\u00e9nale.   <\/p>\n<h2>Politique de confidentialit\u00e9<\/h2>\n<p>Nous respectons la vie priv\u00e9e de tous les utilisateurs de ce site web et les informations personnelles qui nous sont fournies seront trait\u00e9es conform\u00e9ment \u00e0 la loi britannique sur la protection des donn\u00e9es.<\/p>\n<p>\u00c0 moins que vous ne nous contactiez en utilisant le formulaire de ce site, nous ne collectons ni ne conservons aucune information personnelle identifiable vous concernant. Ce site web n&rsquo;utilise pas de cookies pour enregistrer des informations sp\u00e9cifiques aux visiteurs ou des informations qui peuvent \u00eatre regroup\u00e9es dans le but d&rsquo;\u00e9tablir des statistiques globales sur l&rsquo;utilisation du site. <\/p>\n<p>Si vous nous contactez en utilisant le formulaire de ce site web, nous ne divulguerons pas vos coordonn\u00e9es \u00e0 des tiers. Si vous le demandez, nous vous fournirons toujours une copie des informations personnelles que nous d\u00e9tenons \u00e0 votre sujet et vous pourrez les corriger si vous le souhaitez. Vous pouvez nous contacter \u00e0 ce sujet au +44 (0) 1983 828 000.  <\/p>\n<p>P\u00e9riodiquement, nous produisons une lettre d&rsquo;information envoy\u00e9e par courrier \u00e9lectronique aux personnes avec lesquelles nous sommes en contact. Nous vous demandons donc sur notre formulaire de contact si vous souhaitez recevoir notre lettre d&rsquo;information. <\/p>\n<h2>Droit applicable et juridiction<\/h2>\n<p>L&rsquo;utilisation de ce site web et les pr\u00e9sentes conditions sont r\u00e9gies par le droit anglais et la comp\u00e9tence exclusive des tribunaux anglais s&rsquo;applique.<\/p>\n<h2>QUESTIONS<\/h2>\n<p>Si vous avez des questions concernant la politique de confidentialit\u00e9 ci-dessus ou la mani\u00e8re dont nous utilisons les informations personnelles dont nous disposons \u00e0 votre sujet, veuillez contacter <a href=\"mailto:gurit@gurit.com\">gurit@gurit.com<\/a>. Nous nous efforcerons de vous r\u00e9pondre rapidement. <\/p>\n<p>[\/et_pb_text][\/et_pb_column][\/et_pb_row][\/et_pb_section][et_pb_section fb_built=\u00a0\u00bb1&Prime; admin_label=\u00a0\u00bbSection\u00a0\u00bb _builder_version=\u00a0\u00bb4.27.4&Prime; _module_preset=\u00a0\u00bbdefault\u00a0\u00bb background_image=\u00a0\u00bbhttps:\/\/www.gurit.com\/wp-content\/uploads\/2025\/08\/bg-footer.png\u00a0\u00bb background_position=\u00a0\u00bbtop_left\u00a0\u00bb background_vertical_offset=\u00a0\u00bb0%\u00a0\u00bb da_disable_devices=\u00a0\u00bboff|off|off\u00a0\u00bb global_module=\u00a0\u00bb15433&Prime; saved_tabs=\u00a0\u00bball\u00a0\u00bb locked=\u00a0\u00bboff\u00a0\u00bb global_colors_info=\u00a0\u00bb{}\u00a0\u00bb theme_builder_area=\u00a0\u00bbpost_content\u00a0\u00bb da_is_popup=\u00a0\u00bboff\u00a0\u00bb da_exit_intent=\u00a0\u00bboff\u00a0\u00bb da_has_close=\u00a0\u00bbon\u00a0\u00bb da_alt_close=\u00a0\u00bboff\u00a0\u00bb da_dark_close=\u00a0\u00bboff\u00a0\u00bb da_not_modal=\u00a0\u00bbon\u00a0\u00bb da_is_singular=\u00a0\u00bboff\u00a0\u00bb da_with_loader=\u00a0\u00bboff\u00a0\u00bb da_has_shadow=\u00a0\u00bbon\u00a0\u00bb][et_pb_row column_structure=\u00a0\u00bb1_5,1_5,1_5,1_5,1_5&Prime; _builder_version=\u00a0\u00bb4.27.4&Prime; _module_preset=\u00a0\u00bbdefault\u00a0\u00bb global_colors_info=\u00a0\u00bb{}\u00a0\u00bb theme_builder_area=\u00a0\u00bbpost_content\u00a0\u00bb][et_pb_column type=\u00a0\u00bb1_5&Prime; _builder_version=\u00a0\u00bb4.27.4&Prime; _module_preset=\u00a0\u00bbdefault\u00a0\u00bb global_colors_info=\u00a0\u00bb{}\u00a0\u00bb theme_builder_area=\u00a0\u00bbpost_content\u00a0\u00bb][et_pb_image src=\u00a0\u00bbhttps:\/\/www.gurit.com\/wp-content\/uploads\/2025\/08\/gurit-logo-white.png\u00a0\u00bb alt=\u00a0\u00bbLogo Gurit blanc\u00a0\u00bb title_text=\u00a0\u00bbbg-footer\u00a0\u00bb _builder_version=\u00a0\u00bb4.27.4&Prime; _module_preset=\u00a0\u00bbdefault\u00a0\u00bb background_enable_image=\u00a0\u00bboff\u00a0\u00bb width=\u00a0\u00bb120px\u00a0\u00bb global_colors_info=\u00a0\u00bb{}\u00a0\u00bb theme_builder_area=\u00a0\u00bbpost_content\u00a0\u00bb][\/et_pb_image][et_pb_text _builder_version=\u00a0\u00bb4.27.4&Prime; _module_preset=\u00a0\u00bbdefault\u00a0\u00bb text_text_color=\u00a0\u00bb#FFFFFF\u00a0\u00bb global_colors_info=\u00a0\u00bb{}\u00a0\u00bb theme_builder_area=\u00a0\u00bbpost_content\u00a0\u00bb]<\/p>\n<p>Prenez contact avec nous pour en savoir plus sur Gurit et sur la fa\u00e7on dont nos solutions peuvent vous \u00eatre utiles.<\/p>\n<p>[\/et_pb_text][et_pb_button button_url=\u00a0\u00bb@ET-DC@eyJkeW5hbWljIjp0cnVlLCJjb250ZW50IjoicG9zdF9saW5rX3VybF9wYWdlIiwic2V0dGluZ3MiOnsicG9zdF9pZCI6IjE4MDUzIn19@\u00a0\u00bb button_text=\u00a0\u00bbQuestions g\u00e9n\u00e9rales\u00a0\u00bb _builder_version=\u00a0\u00bb4.27.5&Prime; _dynamic_attributes=\u00a0\u00bbbutton_url\u00a0\u00bb _module_preset=\u00a0\u00bbdefault\u00a0\u00bb custom_button=\u00a0\u00bbon\u00a0\u00bb button_bg_color=\u00a0\u00bb#44A12B\u00a0\u00bb button_border_color=\u00a0\u00bb#44A12B\u00a0\u00bb button_on_hover=\u00a0\u00bboff\u00a0\u00bb global_colors_info=\u00a0\u00bb{}\u00a0\u00bb button_border_color__hover_enabled=\u00a0\u00bbon|hover\u00a0\u00bb button_border_color__hover=\u00a0\u00bb#142E73&Prime; button_bg_color__hover_enabled=\u00a0\u00bbon|desktop\u00a0\u00bb button_bg_color__hover=\u00a0\u00bb#142E73&Prime; button_bg_enable_color__hover=\u00a0\u00bbon\u00a0\u00bb theme_builder_area=\u00a0\u00bbpost_content\u00a0\u00bb][\/et_pb_button][et_pb_text _builder_version=\u00a0\u00bb4.27.4&Prime; _module_preset=\u00a0\u00bbdefault\u00a0\u00bb text_text_color=\u00a0\u00bb#FFFFFF\u00a0\u00bb text_font_size=\u00a0\u00bb12px\u00a0\u00bb global_colors_info=\u00a0\u00bb{}\u00a0\u00bb theme_builder_area=\u00a0\u00bbpost_content\u00a0\u00bb]<\/p>\n<p>\u00a9 Gurit Services AG, Zurich (CH)<\/p>\n<p>[\/et_pb_text][\/et_pb_column][et_pb_column type=\u00a0\u00bb1_5&Prime; _builder_version=\u00a0\u00bb4.27.4&Prime; _module_preset=\u00a0\u00bbdefault\u00a0\u00bb global_colors_info=\u00a0\u00bb{}\u00a0\u00bb theme_builder_area=\u00a0\u00bbpost_content\u00a0\u00bb][et_pb_image src=\u00a0\u00bbhttps:\/\/www.gurit.com\/wp-content\/uploads\/2025\/08\/ecovadis-2025-gold.png\u00a0\u00bb alt=\u00a0\u00bbecovadis-2025-or\u00a0\u00bb title_text=\u00a0\u00bbecovadis-2025-or\u00a0\u00bb _builder_version=\u00a0\u00bb4.27.4&Prime; _module_preset=\u00a0\u00bbdefault\u00a0\u00bb width=\u00a0\u00bb80%\u00a0\u00bb custom_margin=\u00a0\u00bb80px||||false|false\u00a0\u00bb global_colors_info=\u00a0\u00bb{}\u00a0\u00bb theme_builder_area=\u00a0\u00bbpost_content\u00a0\u00bb][\/et_pb_image][\/et_pb_column][et_pb_column type=\u00a0\u00bb1_5&Prime; _builder_version=\u00a0\u00bb4.27.4&Prime; _module_preset=\u00a0\u00bbdefault\u00a0\u00bb global_colors_info=\u00a0\u00bb{}\u00a0\u00bb theme_builder_area=\u00a0\u00bbpost_content\u00a0\u00bb][et_pb_text _builder_version=\u00a0\u00bb4.27.4&Prime; _module_preset=\u00a0\u00bbdefault\u00a0\u00bb text_text_color=\u00a0\u00bb#008996&Prime; link_text_color=\u00a0\u00bb#FFFFFF\u00a0\u00bb header_4_text_color=\u00a0\u00bb#FFFFFF\u00a0\u00bb custom_margin=\u00a0\u00bb80px||||false|false\u00a0\u00bb global_colors_info=\u00a0\u00bb{}\u00a0\u00bb theme_builder_area=\u00a0\u00bbpost_content\u00a0\u00bb]<\/p>\n<h4>Rejoignez-nous<\/h4>\n<ul>\n<li><a href=\"https:\/\/www.gurit.com\/fr\/carriere\/\">Postes vacants<\/a><\/li>\n<\/ul>\n<p>[\/et_pb_text][\/et_pb_column][et_pb_column type=\u00a0\u00bb1_5&Prime; _builder_version=\u00a0\u00bb4.27.4&Prime; _module_preset=\u00a0\u00bbdefault\u00a0\u00bb global_colors_info=\u00a0\u00bb{}\u00a0\u00bb theme_builder_area=\u00a0\u00bbpost_content\u00a0\u00bb][et_pb_text _builder_version=\u00a0\u00bb4.27.4&Prime; _module_preset=\u00a0\u00bbdefault\u00a0\u00bb text_text_color=\u00a0\u00bb#008996&Prime; link_text_color=\u00a0\u00bb#FFFFFF\u00a0\u00bb header_4_text_color=\u00a0\u00bb#FFFFFF\u00a0\u00bb custom_margin=\u00a0\u00bb80px||||false|false\u00a0\u00bb global_colors_info=\u00a0\u00bb{}\u00a0\u00bb theme_builder_area=\u00a0\u00bbpost_content\u00a0\u00bb]<\/p>\n<h4>Groupe Gurit<\/h4>\n<ul>\n<li><a href=\"https:\/\/www.gurit.com\/fr\/entreprise\/\">Entreprise<\/a><\/li>\n<li><a href=\"https:\/\/www.gurit.com\/fr\/relations-avec-les-investisseurs\/\">Relations avec les investisseurs<\/a><\/li>\n<li><a href=\"https:\/\/www.gurit.com\/fr\/durabilite\/\">Durabilit\u00e9<\/a><\/li>\n<\/ul>\n<p>[\/et_pb_text][\/et_pb_column][et_pb_column type=\u00a0\u00bb1_5&Prime; _builder_version=\u00a0\u00bb4.27.4&Prime; _module_preset=\u00a0\u00bbdefault\u00a0\u00bb global_colors_info=\u00a0\u00bb{}\u00a0\u00bb theme_builder_area=\u00a0\u00bbpost_content\u00a0\u00bb][et_pb_text _builder_version=\u00a0\u00bb4.27.5&Prime; _module_preset=\u00a0\u00bbdefault\u00a0\u00bb text_text_color=\u00a0\u00bb#008996&Prime; link_text_color=\u00a0\u00bb#FFFFFF\u00a0\u00bb header_4_text_color=\u00a0\u00bb#FFFFFF\u00a0\u00bb custom_margin=\u00a0\u00bb80px||||false|false\u00a0\u00bb global_colors_info=\u00a0\u00bb{}\u00a0\u00bb theme_builder_area=\u00a0\u00bbpost_content\u00a0\u00bb]<\/p>\n<h4>Actualit\u00e9s<\/h4>\n<ul>\n<li><a href=\"https:\/\/www.gurit.com\/fr\/nouvelles-evenements\/\">Consultez les derni\u00e8res nouvelles ici<\/a><\/li>\n<\/ul>\n<p>[\/et_pb_text][\/et_pb_column][\/et_pb_row][\/et_pb_section]<\/p>\n","protected":false},"excerpt":{"rendered":"<p>Clause de non-responsabilit\u00e9CONDITIONS Les conditions suivantes s&rsquo;appliquent \u00e0 l&rsquo;utilisation de ce site web www.gurit.com. En acc\u00e9dant \u00e0 ce site ou en utilisant les informations qu&rsquo;il contient, l&rsquo;utilisateur accepte automatiquement les [&hellip;]<\/p>\n","protected":false},"author":1,"featured_media":0,"parent":0,"menu_order":0,"comment_status":"closed","ping_status":"closed","template":"","meta":{"_et_pb_use_builder":"on","_et_pb_old_content":"","_et_gb_content_width":"","footnotes":""},"class_list":["post-23229","page","type-page","status-publish","hentry"],"yoast_head":"<!-- This site is optimized with the Yoast SEO plugin v27.5 - https:\/\/yoast.com\/product\/yoast-seo-wordpress\/ -->\n<title>Clause de non-responsabilit\u00e9 - Gurit.<\/title>\n<meta name=\"robots\" content=\"index, follow, max-snippet:-1, max-image-preview:large, max-video-preview:-1\" \/>\n<link rel=\"canonical\" href=\"https:\/\/www.gurit.com\/fr\/clause-de-non-responsabilite\/\" \/>\n<meta property=\"og:locale\" content=\"fr_FR\" \/>\n<meta property=\"og:type\" content=\"article\" \/>\n<meta property=\"og:title\" content=\"Clause de non-responsabilit\u00e9 - Gurit.\" \/>\n<meta property=\"og:description\" content=\"Clause de non-responsabilit\u00e9CONDITIONS Les conditions suivantes s&#039;appliquent \u00e0 l&#039;utilisation de ce site web www.gurit.com. En acc\u00e9dant \u00e0 ce site ou en utilisant les informations qu&#039;il contient, l&#039;utilisateur accepte automatiquement les [&hellip;]\" \/>\n<meta property=\"og:url\" content=\"https:\/\/www.gurit.com\/fr\/clause-de-non-responsabilite\/\" \/>\n<meta property=\"og:site_name\" content=\"Gurit\" \/>\n<meta property=\"article:publisher\" content=\"https:\/\/www.facebook.com\/GuritGroup\" \/>\n<meta property=\"article:modified_time\" content=\"2026-04-26T13:55:34+00:00\" \/>\n<meta name=\"twitter:card\" content=\"summary_large_image\" \/>\n<meta name=\"twitter:site\" content=\"@guritgroup\" \/>\n<meta name=\"twitter:label1\" content=\"Dur\u00e9e de lecture estim\u00e9e\" \/>\n\t<meta name=\"twitter:data1\" content=\"9 minutes\" \/>\n<script type=\"application\/ld+json\" class=\"yoast-schema-graph\">{\"@context\":\"https:\\\/\\\/schema.org\",\"@graph\":[{\"@type\":\"WebPage\",\"@id\":\"https:\\\/\\\/www.gurit.com\\\/fr\\\/clause-de-non-responsabilite\\\/\",\"url\":\"https:\\\/\\\/www.gurit.com\\\/fr\\\/clause-de-non-responsabilite\\\/\",\"name\":\"Clause de non-responsabilit\u00e9 - Gurit.\",\"isPartOf\":{\"@id\":\"https:\\\/\\\/www.gurit.com\\\/fr\\\/#website\"},\"datePublished\":\"2025-12-09T18:46:23+00:00\",\"dateModified\":\"2026-04-26T13:55:34+00:00\",\"breadcrumb\":{\"@id\":\"https:\\\/\\\/www.gurit.com\\\/fr\\\/clause-de-non-responsabilite\\\/#breadcrumb\"},\"inLanguage\":\"fr-FR\",\"potentialAction\":[{\"@type\":\"ReadAction\",\"target\":[\"https:\\\/\\\/www.gurit.com\\\/fr\\\/clause-de-non-responsabilite\\\/\"]}]},{\"@type\":\"BreadcrumbList\",\"@id\":\"https:\\\/\\\/www.gurit.com\\\/fr\\\/clause-de-non-responsabilite\\\/#breadcrumb\",\"itemListElement\":[{\"@type\":\"ListItem\",\"position\":1,\"name\":\"Startseite\",\"item\":\"https:\\\/\\\/www.gurit.com\\\/fr\\\/marches\\\/\"},{\"@type\":\"ListItem\",\"position\":2,\"name\":\"Clause de non-responsabilit\u00e9\"}]},{\"@type\":\"WebSite\",\"@id\":\"https:\\\/\\\/www.gurit.com\\\/fr\\\/#website\",\"url\":\"https:\\\/\\\/www.gurit.com\\\/fr\\\/\",\"name\":\"Gurit\",\"description\":\"Composites avanc\u00e9s pour l'\u00e9nergie \u00e9olienne, la marine, la construction et d'autres industries\",\"publisher\":{\"@id\":\"https:\\\/\\\/www.gurit.com\\\/fr\\\/#organization\"},\"potentialAction\":[{\"@type\":\"SearchAction\",\"target\":{\"@type\":\"EntryPoint\",\"urlTemplate\":\"https:\\\/\\\/www.gurit.com\\\/fr\\\/?s={search_term_string}\"},\"query-input\":{\"@type\":\"PropertyValueSpecification\",\"valueRequired\":true,\"valueName\":\"search_term_string\"}}],\"inLanguage\":\"fr-FR\"},{\"@type\":\"Organization\",\"@id\":\"https:\\\/\\\/www.gurit.com\\\/fr\\\/#organization\",\"name\":\"Gurit\",\"url\":\"https:\\\/\\\/www.gurit.com\\\/fr\\\/\",\"logo\":{\"@type\":\"ImageObject\",\"inLanguage\":\"fr-FR\",\"@id\":\"https:\\\/\\\/www.gurit.com\\\/fr\\\/#\\\/schema\\\/logo\\\/image\\\/\",\"url\":\"https:\\\/\\\/www.gurit.com\\\/wp-content\\\/uploads\\\/2021\\\/12\\\/gurit-logo.png\",\"contentUrl\":\"https:\\\/\\\/www.gurit.com\\\/wp-content\\\/uploads\\\/2021\\\/12\\\/gurit-logo.png\",\"width\":262,\"height\":100,\"caption\":\"Gurit\"},\"image\":{\"@id\":\"https:\\\/\\\/www.gurit.com\\\/fr\\\/#\\\/schema\\\/logo\\\/image\\\/\"},\"sameAs\":[\"https:\\\/\\\/www.facebook.com\\\/GuritGroup\",\"https:\\\/\\\/x.com\\\/guritgroup\",\"https:\\\/\\\/www.linkedin.com\\\/company\\\/gurit\\\/\"]}]}<\/script>\n<!-- \/ Yoast SEO plugin. -->","yoast_head_json":{"title":"Clause de non-responsabilit\u00e9 - Gurit.","robots":{"index":"index","follow":"follow","max-snippet":"max-snippet:-1","max-image-preview":"max-image-preview:large","max-video-preview":"max-video-preview:-1"},"canonical":"https:\/\/www.gurit.com\/fr\/clause-de-non-responsabilite\/","og_locale":"fr_FR","og_type":"article","og_title":"Clause de non-responsabilit\u00e9 - Gurit.","og_description":"Clause de non-responsabilit\u00e9CONDITIONS Les conditions suivantes s'appliquent \u00e0 l'utilisation de ce site web www.gurit.com. En acc\u00e9dant \u00e0 ce site ou en utilisant les informations qu'il contient, l'utilisateur accepte automatiquement les [&hellip;]","og_url":"https:\/\/www.gurit.com\/fr\/clause-de-non-responsabilite\/","og_site_name":"Gurit","article_publisher":"https:\/\/www.facebook.com\/GuritGroup","article_modified_time":"2026-04-26T13:55:34+00:00","twitter_card":"summary_large_image","twitter_site":"@guritgroup","twitter_misc":{"Dur\u00e9e de lecture estim\u00e9e":"9 minutes"},"schema":{"@context":"https:\/\/schema.org","@graph":[{"@type":"WebPage","@id":"https:\/\/www.gurit.com\/fr\/clause-de-non-responsabilite\/","url":"https:\/\/www.gurit.com\/fr\/clause-de-non-responsabilite\/","name":"Clause de non-responsabilit\u00e9 - Gurit.","isPartOf":{"@id":"https:\/\/www.gurit.com\/fr\/#website"},"datePublished":"2025-12-09T18:46:23+00:00","dateModified":"2026-04-26T13:55:34+00:00","breadcrumb":{"@id":"https:\/\/www.gurit.com\/fr\/clause-de-non-responsabilite\/#breadcrumb"},"inLanguage":"fr-FR","potentialAction":[{"@type":"ReadAction","target":["https:\/\/www.gurit.com\/fr\/clause-de-non-responsabilite\/"]}]},{"@type":"BreadcrumbList","@id":"https:\/\/www.gurit.com\/fr\/clause-de-non-responsabilite\/#breadcrumb","itemListElement":[{"@type":"ListItem","position":1,"name":"Startseite","item":"https:\/\/www.gurit.com\/fr\/marches\/"},{"@type":"ListItem","position":2,"name":"Clause de non-responsabilit\u00e9"}]},{"@type":"WebSite","@id":"https:\/\/www.gurit.com\/fr\/#website","url":"https:\/\/www.gurit.com\/fr\/","name":"Gurit","description":"Composites avanc\u00e9s pour l'\u00e9nergie \u00e9olienne, la marine, la construction et d'autres industries","publisher":{"@id":"https:\/\/www.gurit.com\/fr\/#organization"},"potentialAction":[{"@type":"SearchAction","target":{"@type":"EntryPoint","urlTemplate":"https:\/\/www.gurit.com\/fr\/?s={search_term_string}"},"query-input":{"@type":"PropertyValueSpecification","valueRequired":true,"valueName":"search_term_string"}}],"inLanguage":"fr-FR"},{"@type":"Organization","@id":"https:\/\/www.gurit.com\/fr\/#organization","name":"Gurit","url":"https:\/\/www.gurit.com\/fr\/","logo":{"@type":"ImageObject","inLanguage":"fr-FR","@id":"https:\/\/www.gurit.com\/fr\/#\/schema\/logo\/image\/","url":"https:\/\/www.gurit.com\/wp-content\/uploads\/2021\/12\/gurit-logo.png","contentUrl":"https:\/\/www.gurit.com\/wp-content\/uploads\/2021\/12\/gurit-logo.png","width":262,"height":100,"caption":"Gurit"},"image":{"@id":"https:\/\/www.gurit.com\/fr\/#\/schema\/logo\/image\/"},"sameAs":["https:\/\/www.facebook.com\/GuritGroup","https:\/\/x.com\/guritgroup","https:\/\/www.linkedin.com\/company\/gurit\/"]}]}},"_links":{"self":[{"href":"https:\/\/www.gurit.com\/fr\/wp-json\/wp\/v2\/pages\/23229","targetHints":{"allow":["GET"]}}],"collection":[{"href":"https:\/\/www.gurit.com\/fr\/wp-json\/wp\/v2\/pages"}],"about":[{"href":"https:\/\/www.gurit.com\/fr\/wp-json\/wp\/v2\/types\/page"}],"author":[{"embeddable":true,"href":"https:\/\/www.gurit.com\/fr\/wp-json\/wp\/v2\/users\/1"}],"replies":[{"embeddable":true,"href":"https:\/\/www.gurit.com\/fr\/wp-json\/wp\/v2\/comments?post=23229"}],"version-history":[{"count":1,"href":"https:\/\/www.gurit.com\/fr\/wp-json\/wp\/v2\/pages\/23229\/revisions"}],"predecessor-version":[{"id":23233,"href":"https:\/\/www.gurit.com\/fr\/wp-json\/wp\/v2\/pages\/23229\/revisions\/23233"}],"wp:attachment":[{"href":"https:\/\/www.gurit.com\/fr\/wp-json\/wp\/v2\/media?parent=23229"}],"curies":[{"name":"wp","href":"https:\/\/api.w.org\/{rel}","templated":true}]}}